{"id":199,"date":"2018-12-06T13:49:13","date_gmt":"2018-12-06T12:49:13","guid":{"rendered":"http:\/\/www.stefanreichmann.com\/WEB\/?page_id=199"},"modified":"2023-03-25T10:24:47","modified_gmt":"2023-03-25T09:24:47","slug":"jepa","status":"publish","type":"page","link":"https:\/\/www.stefanreichmann.com\/WEB\/jepa\/","title":{"rendered":"JEPA"},"content":{"rendered":"","protected":false},"excerpt":{"rendered":"","protected":false},"author":1,"featured_media":0,"parent":0,"menu_order":4,"comment_status":"closed","ping_status":"closed","template":"","meta":[],"class_list":["post-199","page","type-page","status-publish","hentry"],"grid":"{\r\n  \"colCount\": \"12\",\r\n  \"colGutter\": \"1\",\r\n  \"rowGutters\": [\r\n    3,\r\n    3,\r\n    3,\r\n    3,\r\n    3,\r\n    3,\r\n    3,\r\n    3,\r\n    3,\r\n    3,\r\n    3,\r\n    3\r\n  ],\r\n  \"rowAttrs\": [\r\n    null,\r\n    null,\r\n    null,\r\n    null,\r\n    null,\r\n    null,\r\n    null,\r\n    null,\r\n    null,\r\n    null,\r\n    null,\r\n    null,\r\n    null\r\n  ],\r\n  \"frameMargin\": 5,\r\n  \"topFrameMargin\": 90,\r\n  \"bottomFrameMargin\": \"1\",\r\n  \"bgColor\": null,\r\n  \"cont\": [\r\n    {\r\n      \"type\": \"text\",\r\n      \"cont\": \"<p>JEPA is a series of over 40 photographs of the 2145m high mountain Jepa\/Mittagskogel located in Carinthia\/Austria. With a fixed camera position the mountain shows us many moods and personalities in various lighting and weather conditions, from crisp, clear mornings to moody atmospheric skies.<\/p>\",\r\n      \"align\": \"bottom\",\r\n      \"row\": 0,\r\n      \"col\": 0,\r\n      \"colspan\": 9,\r\n      \"offsetx\": 0,\r\n      \"offsety\": 0,\r\n      \"spaceabove\": 0,\r\n      \"spacebelow\": 0,\r\n      \"yvel\": 0,\r\n      \"push\": 0\r\n    },\r\n    {\r\n      \"type\": \"img\",\r\n      \"attid\": 208,\r\n      \"sizes\": {\r\n        \"_1024\": \"http:\/\/www.stefanreichmann.com\/WEB\/wp-content\/uploads\/2018\/12\/BAL_6222_Foto_Reichmann_2018-1024x683.jpg\",\r\n        \"_768\": \"http:\/\/www.stefanreichmann.com\/WEB\/wp-content\/uploads\/2018\/12\/BAL_6222_Foto_Reichmann_2018-768x512.jpg\",\r\n        \"_512\": \"http:\/\/www.stefanreichmann.com\/WEB\/wp-content\/uploads\/2018\/12\/BAL_6222_Foto_Reichmann_2018-512x341.jpg\",\r\n        \"_265\": \"http:\/\/www.stefanreichmann.com\/WEB\/wp-content\/uploads\/2018\/12\/BAL_6222_Foto_Reichmann_2018-265x177.jpg\",\r\n        \"full\": \"http:\/\/www.stefanreichmann.com\/WEB\/wp-content\/uploads\/2018\/12\/BAL_6222_Foto_Reichmann_2018.jpg\"\r\n      },\r\n      \"cont\": \"http:\/\/www.stefanreichmann.com\/WEB\/wp-content\/uploads\/2018\/12\/BAL_6222_Foto_Reichmann_2018-1024x683.jpg\",\r\n      \"align\": \"bottom\",\r\n      \"row\": 1,\r\n      \"col\": 0,\r\n      \"colspan\": 9,\r\n      \"ar\": 0.6666666666666666,\r\n      \"alt\": \"\",\r\n      \"offsetx\": 0,\r\n      \"offsety\": 0,\r\n      \"spaceabove\": 0,\r\n      \"spacebelow\": 0,\r\n      \"yvel\": 0,\r\n      \"push\": 0\r\n    },\r\n    {\r\n      \"type\": \"img\",\r\n      \"attid\": 207,\r\n      \"sizes\": {\r\n        \"_1024\": \"http:\/\/www.stefanreichmann.com\/WEB\/wp-content\/uploads\/2018\/12\/BAL_6235_Foto_Reichmann_2018-1024x683.jpg\",\r\n        \"_768\": \"http:\/\/www.stefanreichmann.com\/WEB\/wp-content\/uploads\/2018\/12\/BAL_6235_Foto_Reichmann_2018-768x512.jpg\",\r\n        \"_512\": \"http:\/\/www.stefanreichmann.com\/WEB\/wp-content\/uploads\/2018\/12\/BAL_6235_Foto_Reichmann_2018-512x341.jpg\",\r\n        \"_265\": \"http:\/\/www.stefanreichmann.com\/WEB\/wp-content\/uploads\/2018\/12\/BAL_6235_Foto_Reichmann_2018-265x177.jpg\",\r\n        \"full\": \"http:\/\/www.stefanreichmann.com\/WEB\/wp-content\/uploads\/2018\/12\/BAL_6235_Foto_Reichmann_2018.jpg\"\r\n      },\r\n      \"cont\": \"http:\/\/www.stefanreichmann.com\/WEB\/wp-content\/uploads\/2018\/12\/BAL_6235_Foto_Reichmann_2018-1024x683.jpg\",\r\n      \"align\": \"bottom\",\r\n      \"row\": 2,\r\n      \"col\": 1,\r\n      \"colspan\": 9,\r\n      \"ar\": 0.6666666666666666,\r\n      \"alt\": \"\",\r\n      \"offsetx\": 0,\r\n      \"offsety\": 0,\r\n      \"spaceabove\": 0,\r\n      \"spacebelow\": 0,\r\n      \"yvel\": 0,\r\n      \"push\": 1\r\n    },\r\n    {\r\n      \"type\": \"img\",\r\n      \"attid\": 260,\r\n      \"sizes\": {\r\n        \"_1920\": \"http:\/\/www.stefanreichmann.com\/WEB\/wp-content\/uploads\/2019\/05\/JEPA_KinK_2019-1920x1280.jpg\",\r\n        \"_1280\": \"http:\/\/www.stefanreichmann.com\/WEB\/wp-content\/uploads\/2019\/05\/JEPA_KinK_2019-1280x853.jpg\",\r\n        \"_1024\": \"http:\/\/www.stefanreichmann.com\/WEB\/wp-content\/uploads\/2019\/05\/JEPA_KinK_2019-1024x683.jpg\",\r\n        \"_768\": \"http:\/\/www.stefanreichmann.com\/WEB\/wp-content\/uploads\/2019\/05\/JEPA_KinK_2019-768x512.jpg\",\r\n        \"_512\": \"http:\/\/www.stefanreichmann.com\/WEB\/wp-content\/uploads\/2019\/05\/JEPA_KinK_2019-512x341.jpg\",\r\n        \"_265\": \"http:\/\/www.stefanreichmann.com\/WEB\/wp-content\/uploads\/2019\/05\/JEPA_KinK_2019-265x177.jpg\",\r\n        \"full\": \"http:\/\/www.stefanreichmann.com\/WEB\/wp-content\/uploads\/2019\/05\/JEPA_KinK_2019.jpg\"\r\n      },\r\n      \"cont\": \"http:\/\/www.stefanreichmann.com\/WEB\/wp-content\/uploads\/2019\/05\/JEPA_KinK_2019-1920x1280.jpg\",\r\n      \"align\": \"bottom\",\r\n      \"row\": 3,\r\n      \"col\": 0,\r\n      \"colspan\": 9,\r\n      \"ar\": 0.6666666666666666,\r\n      \"alt\": \"\",\r\n      \"offsetx\": 0,\r\n      \"offsety\": 0,\r\n      \"spaceabove\": 0,\r\n      \"spacebelow\": 0,\r\n      \"yvel\": 0,\r\n      \"push\": 0\r\n    },\r\n    {\r\n      \"type\": \"img\",\r\n      \"attid\": 205,\r\n      \"sizes\": {\r\n        \"_1024\": \"http:\/\/www.stefanreichmann.com\/WEB\/wp-content\/uploads\/2018\/12\/3KR_4784_Foto_Reichmann_2018-1024x687.jpg\",\r\n        \"_768\": \"http:\/\/www.stefanreichmann.com\/WEB\/wp-content\/uploads\/2018\/12\/3KR_4784_Foto_Reichmann_2018-768x515.jpg\",\r\n        \"_512\": \"http:\/\/www.stefanreichmann.com\/WEB\/wp-content\/uploads\/2018\/12\/3KR_4784_Foto_Reichmann_2018-512x343.jpg\",\r\n        \"_265\": \"http:\/\/www.stefanreichmann.com\/WEB\/wp-content\/uploads\/2018\/12\/3KR_4784_Foto_Reichmann_2018-265x178.jpg\",\r\n        \"full\": \"http:\/\/www.stefanreichmann.com\/WEB\/wp-content\/uploads\/2018\/12\/3KR_4784_Foto_Reichmann_2018.jpg\"\r\n      },\r\n      \"cont\": \"http:\/\/www.stefanreichmann.com\/WEB\/wp-content\/uploads\/2018\/12\/3KR_4784_Foto_Reichmann_2018-1024x687.jpg\",\r\n      \"align\": \"bottom\",\r\n      \"row\": 4,\r\n      \"col\": 0,\r\n      \"colspan\": 8,\r\n      \"ar\": 0.6708333333333333,\r\n      \"alt\": \"\",\r\n      \"offsetx\": 0,\r\n      \"offsety\": 0,\r\n      \"spaceabove\": 0,\r\n      \"spacebelow\": 0,\r\n      \"yvel\": 0,\r\n      \"push\": 0\r\n    },\r\n    {\r\n      \"type\": \"img\",\r\n      \"attid\": 206,\r\n      \"sizes\": {\r\n        \"_1024\": \"http:\/\/www.stefanreichmann.com\/WEB\/wp-content\/uploads\/2018\/12\/DIV_0838_Foto_Reichmann_2018-1024x683.jpg\",\r\n        \"_768\": \"http:\/\/www.stefanreichmann.com\/WEB\/wp-content\/uploads\/2018\/12\/DIV_0838_Foto_Reichmann_2018-768x512.jpg\",\r\n        \"_512\": \"http:\/\/www.stefanreichmann.com\/WEB\/wp-content\/uploads\/2018\/12\/DIV_0838_Foto_Reichmann_2018-512x341.jpg\",\r\n        \"_265\": \"http:\/\/www.stefanreichmann.com\/WEB\/wp-content\/uploads\/2018\/12\/DIV_0838_Foto_Reichmann_2018-265x177.jpg\",\r\n        \"full\": \"http:\/\/www.stefanreichmann.com\/WEB\/wp-content\/uploads\/2018\/12\/DIV_0838_Foto_Reichmann_2018.jpg\"\r\n      },\r\n      \"cont\": \"http:\/\/www.stefanreichmann.com\/WEB\/wp-content\/uploads\/2018\/12\/DIV_0838_Foto_Reichmann_2018-1024x683.jpg\",\r\n      \"align\": \"bottom\",\r\n      \"row\": 5,\r\n      \"col\": 1,\r\n      \"colspan\": 8,\r\n      \"ar\": 0.6666666666666666,\r\n      \"alt\": \"\",\r\n      \"offsetx\": 0,\r\n      \"offsety\": 0,\r\n      \"spaceabove\": 0,\r\n      \"spacebelow\": 0,\r\n      \"yvel\": 0,\r\n      \"push\": 1\r\n    },\r\n    {\r\n      \"type\": \"img\",\r\n      \"attid\": 203,\r\n      \"sizes\": {\r\n        \"_1024\": \"http:\/\/www.stefanreichmann.com\/WEB\/wp-content\/uploads\/2018\/12\/PAS_6858_Foto_Reichmann_2018-1024x687.jpg\",\r\n        \"_768\": \"http:\/\/www.stefanreichmann.com\/WEB\/wp-content\/uploads\/2018\/12\/PAS_6858_Foto_Reichmann_2018-768x515.jpg\",\r\n        \"_512\": \"http:\/\/www.stefanreichmann.com\/WEB\/wp-content\/uploads\/2018\/12\/PAS_6858_Foto_Reichmann_2018-512x343.jpg\",\r\n        \"_265\": \"http:\/\/www.stefanreichmann.com\/WEB\/wp-content\/uploads\/2018\/12\/PAS_6858_Foto_Reichmann_2018-265x178.jpg\",\r\n        \"full\": \"http:\/\/www.stefanreichmann.com\/WEB\/wp-content\/uploads\/2018\/12\/PAS_6858_Foto_Reichmann_2018.jpg\"\r\n      },\r\n      \"cont\": \"http:\/\/www.stefanreichmann.com\/WEB\/wp-content\/uploads\/2018\/12\/PAS_6858_Foto_Reichmann_2018-1024x687.jpg\",\r\n      \"align\": \"bottom\",\r\n      \"row\": 6,\r\n      \"col\": 3,\r\n      \"colspan\": 8,\r\n      \"ar\": 0.6708333333333333,\r\n      \"alt\": \"\",\r\n      \"offsetx\": 0,\r\n      \"offsety\": 0,\r\n      \"spaceabove\": 0,\r\n      \"spacebelow\": 0,\r\n      \"yvel\": 0,\r\n      \"push\": 3\r\n    },\r\n    {\r\n      \"type\": \"img\",\r\n      \"attid\": 202,\r\n      \"sizes\": {\r\n        \"_1024\": \"http:\/\/www.stefanreichmann.com\/WEB\/wp-content\/uploads\/2018\/12\/CVE_3916-2_Foto_Reichmann_2018-1024x687.jpg\",\r\n        \"_768\": \"http:\/\/www.stefanreichmann.com\/WEB\/wp-content\/uploads\/2018\/12\/CVE_3916-2_Foto_Reichmann_2018-768x515.jpg\",\r\n        \"_512\": \"http:\/\/www.stefanreichmann.com\/WEB\/wp-content\/uploads\/2018\/12\/CVE_3916-2_Foto_Reichmann_2018-512x343.jpg\",\r\n        \"_265\": \"http:\/\/www.stefanreichmann.com\/WEB\/wp-content\/uploads\/2018\/12\/CVE_3916-2_Foto_Reichmann_2018-265x178.jpg\",\r\n        \"full\": \"http:\/\/www.stefanreichmann.com\/WEB\/wp-content\/uploads\/2018\/12\/CVE_3916-2_Foto_Reichmann_2018.jpg\"\r\n      },\r\n      \"cont\": \"http:\/\/www.stefanreichmann.com\/WEB\/wp-content\/uploads\/2018\/12\/CVE_3916-2_Foto_Reichmann_2018-1024x687.jpg\",\r\n      \"align\": \"bottom\",\r\n      \"row\": 7,\r\n      \"col\": 0,\r\n      \"colspan\": 8,\r\n      \"ar\": 0.6708333333333333,\r\n      \"alt\": \"\",\r\n      \"offsetx\": 0,\r\n      \"offsety\": 0,\r\n      \"spaceabove\": 0,\r\n      \"spacebelow\": 0,\r\n      \"yvel\": 0,\r\n      \"push\": 0\r\n    },\r\n    {\r\n      \"type\": \"img\",\r\n      \"attid\": 204,\r\n      \"sizes\": {\r\n        \"_1024\": \"http:\/\/www.stefanreichmann.com\/WEB\/wp-content\/uploads\/2018\/12\/DIV_3344_Foto_Reichmann_2018-1024x687.jpg\",\r\n        \"_768\": \"http:\/\/www.stefanreichmann.com\/WEB\/wp-content\/uploads\/2018\/12\/DIV_3344_Foto_Reichmann_2018-768x515.jpg\",\r\n        \"_512\": \"http:\/\/www.stefanreichmann.com\/WEB\/wp-content\/uploads\/2018\/12\/DIV_3344_Foto_Reichmann_2018-512x343.jpg\",\r\n        \"_265\": \"http:\/\/www.stefanreichmann.com\/WEB\/wp-content\/uploads\/2018\/12\/DIV_3344_Foto_Reichmann_2018-265x178.jpg\",\r\n        \"full\": \"http:\/\/www.stefanreichmann.com\/WEB\/wp-content\/uploads\/2018\/12\/DIV_3344_Foto_Reichmann_2018.jpg\"\r\n      },\r\n      \"cont\": \"http:\/\/www.stefanreichmann.com\/WEB\/wp-content\/uploads\/2018\/12\/DIV_3344_Foto_Reichmann_2018-1024x687.jpg\",\r\n      \"align\": \"bottom\",\r\n      \"row\": 8,\r\n      \"col\": 1,\r\n      \"colspan\": 8,\r\n      \"ar\": 0.6708333333333333,\r\n      \"alt\": \"\",\r\n      \"offsetx\": 0,\r\n      \"offsety\": 0,\r\n      \"spaceabove\": 0,\r\n      \"spacebelow\": 0,\r\n      \"yvel\": 0,\r\n      \"push\": 1\r\n    },\r\n    {\r\n      \"type\": \"img\",\r\n      \"attid\": 201,\r\n      \"sizes\": {\r\n        \"_1024\": \"http:\/\/www.stefanreichmann.com\/WEB\/wp-content\/uploads\/2018\/12\/PAS_6851_Foto_Reichmann_2018-1024x687.jpg\",\r\n        \"_768\": \"http:\/\/www.stefanreichmann.com\/WEB\/wp-content\/uploads\/2018\/12\/PAS_6851_Foto_Reichmann_2018-768x515.jpg\",\r\n        \"_512\": \"http:\/\/www.stefanreichmann.com\/WEB\/wp-content\/uploads\/2018\/12\/PAS_6851_Foto_Reichmann_2018-512x343.jpg\",\r\n        \"_265\": \"http:\/\/www.stefanreichmann.com\/WEB\/wp-content\/uploads\/2018\/12\/PAS_6851_Foto_Reichmann_2018-265x178.jpg\",\r\n        \"full\": \"http:\/\/www.stefanreichmann.com\/WEB\/wp-content\/uploads\/2018\/12\/PAS_6851_Foto_Reichmann_2018.jpg\"\r\n      },\r\n      \"cont\": \"http:\/\/www.stefanreichmann.com\/WEB\/wp-content\/uploads\/2018\/12\/PAS_6851_Foto_Reichmann_2018-1024x687.jpg\",\r\n      \"align\": \"bottom\",\r\n      \"row\": 9,\r\n      \"col\": 3,\r\n      \"colspan\": 8,\r\n      \"ar\": 0.6708333333333333,\r\n      \"alt\": \"\",\r\n      \"offsetx\": 0,\r\n      \"offsety\": 0,\r\n      \"spaceabove\": 0,\r\n      \"spacebelow\": 0,\r\n      \"yvel\": 0,\r\n      \"push\": 3\r\n    },\r\n    {\r\n      \"type\": \"img\",\r\n      \"attid\": 200,\r\n      \"sizes\": {\r\n        \"_1024\": \"http:\/\/www.stefanreichmann.com\/WEB\/wp-content\/uploads\/2018\/12\/DIV_3414_Foto_Reichmann_2018-1024x687.jpg\",\r\n        \"_768\": \"http:\/\/www.stefanreichmann.com\/WEB\/wp-content\/uploads\/2018\/12\/DIV_3414_Foto_Reichmann_2018-768x515.jpg\",\r\n        \"_512\": \"http:\/\/www.stefanreichmann.com\/WEB\/wp-content\/uploads\/2018\/12\/DIV_3414_Foto_Reichmann_2018-512x343.jpg\",\r\n        \"_265\": \"http:\/\/www.stefanreichmann.com\/WEB\/wp-content\/uploads\/2018\/12\/DIV_3414_Foto_Reichmann_2018-265x178.jpg\",\r\n        \"full\": \"http:\/\/www.stefanreichmann.com\/WEB\/wp-content\/uploads\/2018\/12\/DIV_3414_Foto_Reichmann_2018.jpg\"\r\n      },\r\n      \"cont\": \"http:\/\/www.stefanreichmann.com\/WEB\/wp-content\/uploads\/2018\/12\/DIV_3414_Foto_Reichmann_2018-1024x687.jpg\",\r\n      \"align\": \"bottom\",\r\n      \"row\": 10,\r\n      \"col\": 1,\r\n      \"colspan\": 8,\r\n      \"ar\": 0.6708333333333333,\r\n      \"alt\": \"\",\r\n      \"offsetx\": 0,\r\n      \"offsety\": 0,\r\n      \"spaceabove\": 0,\r\n      \"spacebelow\": 0,\r\n      \"yvel\": 0,\r\n      \"push\": 1\r\n    },\r\n    {\r\n      \"type\": \"img\",\r\n      \"attid\": 210,\r\n      \"sizes\": {\r\n        \"_1024\": \"http:\/\/www.stefanreichmann.com\/WEB\/wp-content\/uploads\/2018\/12\/PAS_6776_Foto_Reichmann_2018-1024x687.jpg\",\r\n        \"_768\": \"http:\/\/www.stefanreichmann.com\/WEB\/wp-content\/uploads\/2018\/12\/PAS_6776_Foto_Reichmann_2018-768x515.jpg\",\r\n        \"_512\": \"http:\/\/www.stefanreichmann.com\/WEB\/wp-content\/uploads\/2018\/12\/PAS_6776_Foto_Reichmann_2018-512x343.jpg\",\r\n        \"_265\": \"http:\/\/www.stefanreichmann.com\/WEB\/wp-content\/uploads\/2018\/12\/PAS_6776_Foto_Reichmann_2018-265x178.jpg\",\r\n        \"full\": \"http:\/\/www.stefanreichmann.com\/WEB\/wp-content\/uploads\/2018\/12\/PAS_6776_Foto_Reichmann_2018.jpg\"\r\n      },\r\n      \"cont\": \"http:\/\/www.stefanreichmann.com\/WEB\/wp-content\/uploads\/2018\/12\/PAS_6776_Foto_Reichmann_2018-1024x687.jpg\",\r\n      \"align\": \"bottom\",\r\n      \"row\": 11,\r\n      \"col\": 0,\r\n      \"colspan\": 8,\r\n      \"ar\": 0.6708333333333333,\r\n      \"alt\": \"\",\r\n      \"offsetx\": 0,\r\n      \"offsety\": 0,\r\n      \"spaceabove\": 0,\r\n      \"spacebelow\": 0,\r\n      \"yvel\": 0,\r\n      \"push\": 0\r\n    },\r\n    {\r\n      \"type\": \"text\",\r\n      \"cont\": \"<p>Exhibitions:<\/p><p>2020 Kulturgarten Aichwaldsee<\/p><p>2019 K&K Center St. Johann im Rosental\/\u0160entjan\u017e v Ro\u017eu<\/p><p>2018 L&A im K\u00fcnstlerhaus Wien<\/p>\",\r\n      \"align\": \"bottom\",\r\n      \"row\": 12,\r\n      \"col\": 0,\r\n      \"colspan\": 12,\r\n      \"offsetx\": 0,\r\n      \"offsety\": 0,\r\n      \"spaceabove\": 0,\r\n      \"spacebelow\": 0,\r\n      \"yvel\": 0,\r\n      \"push\": 0\r\n    }\r\n  ]\r\n}","phonegrid":"","_links":{"self":[{"href":"https:\/\/www.stefanreichmann.com\/WEB\/wp-json\/wp\/v2\/pages\/199","targetHints":{"allow":["GET"]}}],"collection":[{"href":"https:\/\/www.stefanreichmann.com\/WEB\/wp-json\/wp\/v2\/pages"}],"about":[{"href":"https:\/\/www.stefanreichmann.com\/WEB\/wp-json\/wp\/v2\/types\/page"}],"author":[{"embeddable":true,"href":"https:\/\/www.stefanreichmann.com\/WEB\/wp-json\/wp\/v2\/users\/1"}],"replies":[{"embeddable":true,"href":"https:\/\/www.stefanreichmann.com\/WEB\/wp-json\/wp\/v2\/comments?post=199"}],"version-history":[{"count":0,"href":"https:\/\/www.stefanreichmann.com\/WEB\/wp-json\/wp\/v2\/pages\/199\/revisions"}],"wp:attachment":[{"href":"https:\/\/www.stefanreichmann.com\/WEB\/wp-json\/wp\/v2\/media?parent=199"}],"curies":[{"name":"wp","href":"https:\/\/api.w.org\/{rel}","templated":true}]}}